{"id":47,"date":"2025-01-20T07:41:22","date_gmt":"2025-01-20T07:41:22","guid":{"rendered":"https:\/\/vjbooking.no\/?page_id=47"},"modified":"2025-01-20T07:46:34","modified_gmt":"2025-01-20T07:46:34","slug":"oslo-lydutleie","status":"publish","type":"page","link":"http:\/\/vjbooking.no\/index.php\/oslo-lydutleie\/","title":{"rendered":"Utstyr til en VJ"},"content":{"rendered":"<h3><\/h3>\n<h3>Utstyr til en kveld med VJ<\/h3>\n<p>Oslo lydutleie: V\u00e5r avdeling i <a href=\"https:\/\/123lyd.no\">123lyd.no<\/a>\u00a0 har alt av teknisk utstyr til alle type arrangementer.<\/p>\n<p>&nbsp;<\/p>\n<p>Her finner du st\u00f8rre skjermer, prosjektorer og alt av lyd og lys.<\/p>\n<p>&nbsp;<\/p>\n<p>Kontakt 123lyd p\u00e5 tlf 90532929 eller g\u00e5 inn p\u00e5 hjemmesidene.<\/p>\n<p><img loading=\"lazy\" decoding=\"async\" class=\"\" src=\"https:\/\/123lyd.no\/wp-content\/uploads\/2024\/03\/Samsung-85-tommer.jpg\" width=\"336\" height=\"336\" \/><img loading=\"lazy\" decoding=\"async\" class=\"\" src=\"https:\/\/123lyd.no\/wp-content\/uploads\/2021\/06\/Lerret-7-meter.jpg\" width=\"281\" height=\"281\" \/><\/p>\n<h3>\u00a0 \u00a0 \u00a0 \u00a0 \u00a0 \u00a0 \u00a0 \u00a0 \u00a0 \u00a0 \u00a0 \u00a0 \u00a0 \u00a0 \u00a0 \u00a0 \u00a0 \u00a0 \u00a0 \u00a0 \u00a0 \u00a0 \u00a0 \u00a0 \u00a0 \u00a0 \u00a0 \u00a0 \u00a0 \u00a0 \u00a0 \u00a0 \u00a0 \u00a0 \u00a0 \u00a0 \u00a0 \u00a0 \u00a0 \u00a0 \u00a0 \u00a0 \u00a0<a href=\"https:\/\/123lyd.no\/product\/utekino-lerret-pa-7-x-4-meter-til-ute-eller-drive-in-kino-osv\/\">Lerret p\u00e5 7 x 4 Meter<\/a><\/h3>\n<p><a href=\"https:\/\/123lyd.no\/product\/tv-display-85-til-leie\/\">TV \u2013 Display 85\u2033 Med\u00a0<strong>Samsung 85\u2033 4K LED Smart TV\u00a0<\/strong><\/a><\/p>\n<p>vil du bli m\u00f8tt med krystallklare bilder til enhver tid.<\/p>\n","protected":false},"excerpt":{"rendered":"<p>Utstyr til en kveld med VJ Oslo lydutleie: V\u00e5r avdeling i 123lyd.no\u00a0 har alt av teknisk utstyr til alle type arrangementer. &nbsp; Her finner du st\u00f8rre skjermer, prosjektorer og alt av lyd og lys. &nbsp; Kontakt 123lyd p\u00e5 tlf 90532929 eller g\u00e5 inn p\u00e5 hjemmesidene. \u00a0 \u00a0 \u00a0 \u00a0 \u00a0 \u00a0 \u00a0 \u00a0 \u00a0 \u00a0 [&#8230;]<\/p>\n","protected":false},"author":2,"featured_media":0,"parent":0,"menu_order":0,"comment_status":"closed","ping_status":"closed","template":"","meta":{"footnotes":""},"class_list":["post-47","page","type-page","status-publish","hentry","bdn-post","bdn-article"],"yoast_head":"<!-- This site is optimized with the Yoast SEO plugin v27.4 - https:\/\/yoast.com\/product\/yoast-seo-wordpress\/ -->\n<title>Utstyr til en VJ - VJ Booking Norge<\/title>\n<meta name=\"description\" content=\"Oslo lydutleie 123lyd.no har alt du trenger til ditt arrangement, vi har store og sm\u00e5 skjermer og masser av lyd og lys.\" \/>\n<meta name=\"robots\" content=\"index, follow, max-snippet:-1, max-image-preview:large, max-video-preview:-1\" \/>\n<link rel=\"canonical\" href=\"http:\/\/vjbooking.no\/index.php\/oslo-lydutleie\/\" \/>\n<meta property=\"og:locale\" content=\"en_US\" \/>\n<meta property=\"og:type\" content=\"article\" \/>\n<meta property=\"og:title\" content=\"Utstyr til en VJ - VJ Booking Norge\" \/>\n<meta property=\"og:description\" content=\"Oslo lydutleie 123lyd.no har alt du trenger til ditt arrangement, vi har store og sm\u00e5 skjermer og masser av lyd og lys.\" \/>\n<meta property=\"og:url\" content=\"http:\/\/vjbooking.no\/index.php\/oslo-lydutleie\/\" \/>\n<meta property=\"og:site_name\" content=\"VJ Booking Norge\" \/>\n<meta property=\"article:modified_time\" content=\"2025-01-20T07:46:34+00:00\" \/>\n<meta property=\"og:image\" content=\"https:\/\/123lyd.no\/wp-content\/uploads\/2024\/03\/Samsung-85-tommer.jpg\" \/>\n<meta name=\"twitter:card\" content=\"summary_large_image\" \/>\n<meta name=\"twitter:label1\" content=\"Est. reading time\" \/>\n\t<meta name=\"twitter:data1\" content=\"1 minute\" \/>\n<script type=\"application\/ld+json\" class=\"yoast-schema-graph\">{\"@context\":\"https:\\\/\\\/schema.org\",\"@graph\":[{\"@type\":\"WebPage\",\"@id\":\"http:\\\/\\\/vjbooking.no\\\/index.php\\\/oslo-lydutleie\\\/\",\"url\":\"http:\\\/\\\/vjbooking.no\\\/index.php\\\/oslo-lydutleie\\\/\",\"name\":\"Utstyr til en VJ - VJ Booking Norge\",\"isPartOf\":{\"@id\":\"http:\\\/\\\/vjbooking.no\\\/#website\"},\"primaryImageOfPage\":{\"@id\":\"http:\\\/\\\/vjbooking.no\\\/index.php\\\/oslo-lydutleie\\\/#primaryimage\"},\"image\":{\"@id\":\"http:\\\/\\\/vjbooking.no\\\/index.php\\\/oslo-lydutleie\\\/#primaryimage\"},\"thumbnailUrl\":\"https:\\\/\\\/123lyd.no\\\/wp-content\\\/uploads\\\/2024\\\/03\\\/Samsung-85-tommer.jpg\",\"datePublished\":\"2025-01-20T07:41:22+00:00\",\"dateModified\":\"2025-01-20T07:46:34+00:00\",\"description\":\"Oslo lydutleie 123lyd.no har alt du trenger til ditt arrangement, vi har store og sm\u00e5 skjermer og masser av lyd og lys.\",\"breadcrumb\":{\"@id\":\"http:\\\/\\\/vjbooking.no\\\/index.php\\\/oslo-lydutleie\\\/#breadcrumb\"},\"inLanguage\":\"en-US\",\"potentialAction\":[{\"@type\":\"ReadAction\",\"target\":[\"http:\\\/\\\/vjbooking.no\\\/index.php\\\/oslo-lydutleie\\\/\"]}]},{\"@type\":\"ImageObject\",\"inLanguage\":\"en-US\",\"@id\":\"http:\\\/\\\/vjbooking.no\\\/index.php\\\/oslo-lydutleie\\\/#primaryimage\",\"url\":\"https:\\\/\\\/123lyd.no\\\/wp-content\\\/uploads\\\/2024\\\/03\\\/Samsung-85-tommer.jpg\",\"contentUrl\":\"https:\\\/\\\/123lyd.no\\\/wp-content\\\/uploads\\\/2024\\\/03\\\/Samsung-85-tommer.jpg\"},{\"@type\":\"BreadcrumbList\",\"@id\":\"http:\\\/\\\/vjbooking.no\\\/index.php\\\/oslo-lydutleie\\\/#breadcrumb\",\"itemListElement\":[{\"@type\":\"ListItem\",\"position\":1,\"name\":\"Home\",\"item\":\"http:\\\/\\\/vjbooking.no\\\/\"},{\"@type\":\"ListItem\",\"position\":2,\"name\":\"Utstyr til en VJ\"}]},{\"@type\":\"WebSite\",\"@id\":\"http:\\\/\\\/vjbooking.no\\\/#website\",\"url\":\"http:\\\/\\\/vjbooking.no\\\/\",\"name\":\"VJ Booking Norge\",\"description\":\"Vi er den eneste leverand\u00f8r i Norge p\u00e5 proffesjonelle VJs og denne type show.\",\"potentialAction\":[{\"@type\":\"SearchAction\",\"target\":{\"@type\":\"EntryPoint\",\"urlTemplate\":\"http:\\\/\\\/vjbooking.no\\\/?s={search_term_string}\"},\"query-input\":{\"@type\":\"PropertyValueSpecification\",\"valueRequired\":true,\"valueName\":\"search_term_string\"}}],\"inLanguage\":\"en-US\"}]}<\/script>\n<!-- \/ Yoast SEO plugin. -->","yoast_head_json":{"title":"Utstyr til en VJ - VJ Booking Norge","description":"Oslo lydutleie 123lyd.no har alt du trenger til ditt arrangement, vi har store og sm\u00e5 skjermer og masser av lyd og lys.","robots":{"index":"index","follow":"follow","max-snippet":"max-snippet:-1","max-image-preview":"max-image-preview:large","max-video-preview":"max-video-preview:-1"},"canonical":"http:\/\/vjbooking.no\/index.php\/oslo-lydutleie\/","og_locale":"en_US","og_type":"article","og_title":"Utstyr til en VJ - VJ Booking Norge","og_description":"Oslo lydutleie 123lyd.no har alt du trenger til ditt arrangement, vi har store og sm\u00e5 skjermer og masser av lyd og lys.","og_url":"http:\/\/vjbooking.no\/index.php\/oslo-lydutleie\/","og_site_name":"VJ Booking Norge","article_modified_time":"2025-01-20T07:46:34+00:00","og_image":[{"url":"https:\/\/123lyd.no\/wp-content\/uploads\/2024\/03\/Samsung-85-tommer.jpg","type":"","width":"","height":""}],"twitter_card":"summary_large_image","twitter_misc":{"Est. reading time":"1 minute"},"schema":{"@context":"https:\/\/schema.org","@graph":[{"@type":"WebPage","@id":"http:\/\/vjbooking.no\/index.php\/oslo-lydutleie\/","url":"http:\/\/vjbooking.no\/index.php\/oslo-lydutleie\/","name":"Utstyr til en VJ - VJ Booking Norge","isPartOf":{"@id":"http:\/\/vjbooking.no\/#website"},"primaryImageOfPage":{"@id":"http:\/\/vjbooking.no\/index.php\/oslo-lydutleie\/#primaryimage"},"image":{"@id":"http:\/\/vjbooking.no\/index.php\/oslo-lydutleie\/#primaryimage"},"thumbnailUrl":"https:\/\/123lyd.no\/wp-content\/uploads\/2024\/03\/Samsung-85-tommer.jpg","datePublished":"2025-01-20T07:41:22+00:00","dateModified":"2025-01-20T07:46:34+00:00","description":"Oslo lydutleie 123lyd.no har alt du trenger til ditt arrangement, vi har store og sm\u00e5 skjermer og masser av lyd og lys.","breadcrumb":{"@id":"http:\/\/vjbooking.no\/index.php\/oslo-lydutleie\/#breadcrumb"},"inLanguage":"en-US","potentialAction":[{"@type":"ReadAction","target":["http:\/\/vjbooking.no\/index.php\/oslo-lydutleie\/"]}]},{"@type":"ImageObject","inLanguage":"en-US","@id":"http:\/\/vjbooking.no\/index.php\/oslo-lydutleie\/#primaryimage","url":"https:\/\/123lyd.no\/wp-content\/uploads\/2024\/03\/Samsung-85-tommer.jpg","contentUrl":"https:\/\/123lyd.no\/wp-content\/uploads\/2024\/03\/Samsung-85-tommer.jpg"},{"@type":"BreadcrumbList","@id":"http:\/\/vjbooking.no\/index.php\/oslo-lydutleie\/#breadcrumb","itemListElement":[{"@type":"ListItem","position":1,"name":"Home","item":"http:\/\/vjbooking.no\/"},{"@type":"ListItem","position":2,"name":"Utstyr til en VJ"}]},{"@type":"WebSite","@id":"http:\/\/vjbooking.no\/#website","url":"http:\/\/vjbooking.no\/","name":"VJ Booking Norge","description":"Vi er den eneste leverand\u00f8r i Norge p\u00e5 proffesjonelle VJs og denne type show.","potentialAction":[{"@type":"SearchAction","target":{"@type":"EntryPoint","urlTemplate":"http:\/\/vjbooking.no\/?s={search_term_string}"},"query-input":{"@type":"PropertyValueSpecification","valueRequired":true,"valueName":"search_term_string"}}],"inLanguage":"en-US"}]}},"_links":{"self":[{"href":"http:\/\/vjbooking.no\/index.php\/wp-json\/wp\/v2\/pages\/47","targetHints":{"allow":["GET"]}}],"collection":[{"href":"http:\/\/vjbooking.no\/index.php\/wp-json\/wp\/v2\/pages"}],"about":[{"href":"http:\/\/vjbooking.no\/index.php\/wp-json\/wp\/v2\/types\/page"}],"author":[{"embeddable":true,"href":"http:\/\/vjbooking.no\/index.php\/wp-json\/wp\/v2\/users\/2"}],"replies":[{"embeddable":true,"href":"http:\/\/vjbooking.no\/index.php\/wp-json\/wp\/v2\/comments?post=47"}],"version-history":[{"count":3,"href":"http:\/\/vjbooking.no\/index.php\/wp-json\/wp\/v2\/pages\/47\/revisions"}],"predecessor-version":[{"id":51,"href":"http:\/\/vjbooking.no\/index.php\/wp-json\/wp\/v2\/pages\/47\/revisions\/51"}],"wp:attachment":[{"href":"http:\/\/vjbooking.no\/index.php\/wp-json\/wp\/v2\/media?parent=47"}],"curies":[{"name":"wp","href":"https:\/\/api.w.org\/{rel}","templated":true}]}}